{"id":2,"date":"2016-05-10T03:48:21","date_gmt":"2016-05-10T01:48:21","guid":{"rendered":"https:\/\/www.nasenschutz.de\/?page_id=2"},"modified":"2021-09-09T11:44:48","modified_gmt":"2021-09-09T09:44:48","slug":"home","status":"publish","type":"page","link":"https:\/\/www.nasenschutz.de\/","title":{"rendered":"Home"},"content":{"rendered":"\t\t<div data-elementor-type=\"wp-page\" data-elementor-id=\"2\" class=\"elementor elementor-2\">\n\t\t\t\t\t\t<section class=\"elementor-section elementor-top-section elementor-element elementor-element-21af727 elementor-section-boxed elementor-section-height-default elementor-section-height-default\" data-id=\"21af727\" data-element_type=\"section\" data-e-type=\"section\">\n\t\t\t\t\t\t<div class=\"elementor-container elementor-column-gap-default\">\n\t\t\t\t\t<div class=\"elementor-column elementor-col-100 elementor-top-column elementor-element elementor-element-3c68d62\" data-id=\"3c68d62\" data-element_type=\"column\" data-e-type=\"column\">\n\t\t\t<div class=\"elementor-widget-wrap elementor-element-populated\">\n\t\t\t\t\t\t<section class=\"elementor-section elementor-inner-section elementor-element elementor-element-76406ac elementor-section-boxed elementor-section-height-default elementor-section-height-default\" data-id=\"76406ac\" data-element_type=\"section\" data-e-type=\"section\">\n\t\t\t\t\t\t<div class=\"elementor-container elementor-column-gap-default\">\n\t\t\t\t\t<div class=\"elementor-column elementor-col-50 elementor-inner-column elementor-element elementor-element-4a32940\" data-id=\"4a32940\" data-element_type=\"column\" data-e-type=\"column\">\n\t\t\t<div class=\"elementor-widget-wrap elementor-element-populated\">\n\t\t\t\t\t\t<div class=\"elementor-element elementor-element-1392b99 elementor-widget elementor-widget-image\" data-id=\"1392b99\" data-element_type=\"widget\" data-e-type=\"widget\" data-widget_type=\"image.default\">\n\t\t\t\t<div class=\"elementor-widget-container\">\n\t\t\t\t\t\t\t\t\t\t\t\t\t\t\t<img fetchpriority=\"high\" decoding=\"async\" width=\"438\" height=\"306\" src=\"https:\/\/www.nasenschutz.de\/wp-content\/uploads\/2021\/09\/nasun-nasenschutz-logo.jpg\" class=\"attachment-full size-full wp-image-6\" alt=\"\" srcset=\"https:\/\/www.nasenschutz.de\/wp-content\/uploads\/2021\/09\/nasun-nasenschutz-logo.jpg 438w, https:\/\/www.nasenschutz.de\/wp-content\/uploads\/2021\/09\/nasun-nasenschutz-logo-300x210.jpg 300w\" sizes=\"(max-width: 438px) 100vw, 438px\" \/>\t\t\t\t\t\t\t\t\t\t\t\t\t\t\t<\/div>\n\t\t\t\t<\/div>\n\t\t\t\t\t<\/div>\n\t\t<\/div>\n\t\t\t\t<div class=\"elementor-column elementor-col-50 elementor-inner-column elementor-element elementor-element-5bda970\" data-id=\"5bda970\" data-element_type=\"column\" data-e-type=\"column\">\n\t\t\t<div class=\"elementor-widget-wrap\">\n\t\t\t\t\t\t\t<\/div>\n\t\t<\/div>\n\t\t\t\t\t<\/div>\n\t\t<\/section>\n\t\t\t\t\t<\/div>\n\t\t<\/div>\n\t\t\t\t\t<\/div>\n\t\t<\/section>\n\t\t\t\t<section class=\"elementor-section elementor-top-section elementor-element elementor-element-14c4f0c elementor-section-boxed elementor-section-height-default elementor-section-height-default\" data-id=\"14c4f0c\" data-element_type=\"section\" data-e-type=\"section\">\n\t\t\t\t\t\t<div class=\"elementor-container elementor-column-gap-default\">\n\t\t\t\t\t<div class=\"elementor-column elementor-col-100 elementor-top-column elementor-element elementor-element-b604e7f\" data-id=\"b604e7f\" data-element_type=\"column\" data-e-type=\"column\">\n\t\t\t<div class=\"elementor-widget-wrap elementor-element-populated\">\n\t\t\t\t\t\t<section class=\"elementor-section elementor-inner-section elementor-element elementor-element-51985c1 elementor-section-boxed elementor-section-height-default elementor-section-height-default\" data-id=\"51985c1\" data-element_type=\"section\" data-e-type=\"section\">\n\t\t\t\t\t\t<div class=\"elementor-container elementor-column-gap-default\">\n\t\t\t\t\t<div class=\"elementor-column elementor-col-50 elementor-inner-column elementor-element elementor-element-1992272\" data-id=\"1992272\" data-element_type=\"column\" data-e-type=\"column\">\n\t\t\t<div class=\"elementor-widget-wrap elementor-element-populated\">\n\t\t\t\t\t\t<div class=\"elementor-element elementor-element-da40848 elementor-widget elementor-widget-text-editor\" data-id=\"da40848\" data-element_type=\"widget\" data-e-type=\"widget\" data-widget_type=\"text-editor.default\">\n\t\t\t\t<div class=\"elementor-widget-container\">\n\t\t\t\t\t\t\t\t\t<h1><strong>Einfach. Flexibel. Verstellbar.<\/strong><\/h1>\n<h3><span style=\"color: #3366ff;\">Hautvertr\u00e4glich und angenehm zu tragen<\/span><\/h3>\n<p>Sch\u00fctzt die Nase effektiv:<\/p>\n<ul>\n<li>vor UV-Strahlung, Sonne und Wind<\/li>\n<li>am Meer, auf dem Berg, im Schnee und in der Luft<\/li>\n<li>reduziert Windchill-Effekt<\/li>\n<li>auch bei akutem Sonnenbrand<\/li>\n<li>Soft-Touch + verstellbar<\/li>\n<li>hergestellt in Deutschland<\/li>\n<li>Einheitsgr\u00f6\u00dfe + individuell verstellbar<\/li>\n<li>f\u00fcr fast alle Steggr\u00f6\u00dfen + Kinderbrillen<\/li>\n<li>unempfindlich z.B. gegen Salzwasser und Kosmetika. <br>Leicht zu reinigen.<\/li>\n<\/ul>\t\t\t\t\t\t\t\t<\/div>\n\t\t\t\t<\/div>\n\t\t\t\t\t<\/div>\n\t\t<\/div>\n\t\t\t\t<div class=\"elementor-column elementor-col-50 elementor-inner-column elementor-element elementor-element-5132072\" data-id=\"5132072\" data-element_type=\"column\" data-e-type=\"column\">\n\t\t\t<div class=\"elementor-widget-wrap elementor-element-populated\">\n\t\t\t\t\t\t<div class=\"elementor-element elementor-element-79b3572 elementor-widget elementor-widget-image\" data-id=\"79b3572\" data-element_type=\"widget\" data-e-type=\"widget\" data-widget_type=\"image.default\">\n\t\t\t\t<div class=\"elementor-widget-container\">\n\t\t\t\t\t\t\t\t\t\t\t\t\t\t\t<img decoding=\"async\" width=\"283\" height=\"300\" src=\"https:\/\/www.nasenschutz.de\/wp-content\/uploads\/2021\/09\/Logo_nur_Nasenschutz-283x300.jpg\" class=\"attachment-medium size-medium wp-image-5\" alt=\"\" srcset=\"https:\/\/www.nasenschutz.de\/wp-content\/uploads\/2021\/09\/Logo_nur_Nasenschutz-283x300.jpg 283w, https:\/\/www.nasenschutz.de\/wp-content\/uploads\/2021\/09\/Logo_nur_Nasenschutz-967x1024.jpg 967w, https:\/\/www.nasenschutz.de\/wp-content\/uploads\/2021\/09\/Logo_nur_Nasenschutz-768x813.jpg 768w, https:\/\/www.nasenschutz.de\/wp-content\/uploads\/2021\/09\/Logo_nur_Nasenschutz.jpg 1072w\" sizes=\"(max-width: 283px) 100vw, 283px\" \/>\t\t\t\t\t\t\t\t\t\t\t\t\t\t\t<\/div>\n\t\t\t\t<\/div>\n\t\t\t\t\t<\/div>\n\t\t<\/div>\n\t\t\t\t\t<\/div>\n\t\t<\/section>\n\t\t\t\t\t<\/div>\n\t\t<\/div>\n\t\t\t\t\t<\/div>\n\t\t<\/section>\n\t\t\t\t<section class=\"elementor-section elementor-top-section elementor-element elementor-element-7c5d4c9 elementor-section-boxed elementor-section-height-default elementor-section-height-default\" data-id=\"7c5d4c9\" data-element_type=\"section\" data-e-type=\"section\">\n\t\t\t\t\t\t<div class=\"elementor-container elementor-column-gap-default\">\n\t\t\t\t\t<div class=\"elementor-column elementor-col-100 elementor-top-column elementor-element elementor-element-921c391\" data-id=\"921c391\" data-element_type=\"column\" data-e-type=\"column\">\n\t\t\t<div class=\"elementor-widget-wrap elementor-element-populated\">\n\t\t\t\t\t\t<section class=\"elementor-section elementor-inner-section elementor-element elementor-element-d559aee elementor-section-boxed elementor-section-height-default elementor-section-height-default\" data-id=\"d559aee\" data-element_type=\"section\" data-e-type=\"section\">\n\t\t\t\t\t\t<div class=\"elementor-container elementor-column-gap-default\">\n\t\t\t\t\t<div class=\"elementor-column elementor-col-50 elementor-inner-column elementor-element elementor-element-bf35616\" data-id=\"bf35616\" data-element_type=\"column\" data-e-type=\"column\">\n\t\t\t<div class=\"elementor-widget-wrap elementor-element-populated\">\n\t\t\t\t\t\t<div class=\"elementor-element elementor-element-f60a4ad elementor-widget elementor-widget-text-editor\" data-id=\"f60a4ad\" data-element_type=\"widget\" data-e-type=\"widget\" data-widget_type=\"text-editor.default\">\n\t\t\t\t<div class=\"elementor-widget-container\">\n\t\t\t\t\t\t\t\t\t<h3><span style=\"color: #3366ff;\">Einfache Anwendung<\/span><\/h3>\n<ul>\n<li>Nasenschutz passend ausrichten<\/li>\n<li>An der Brille befestigen<\/li>\n<li>Die Brille \u00fcber den Nasenschutz setzen &#8211; der Nasenschutz sitzt richtig, wenn er zwischen + unter den Nasenstegen der Brille an der Nase anliegt<\/li>\n<li>Bei akutem Sonnenbrand: den Nasenschutz locker vor der Brille tragen &#8211; der Nasenschutz sitzt dann locker und verschattet einen gro\u00dfen Teil vom Nasenr\u00fccken<\/li>\n<\/ul>\t\t\t\t\t\t\t\t<\/div>\n\t\t\t\t<\/div>\n\t\t\t\t\t<\/div>\n\t\t<\/div>\n\t\t\t\t<div class=\"elementor-column elementor-col-50 elementor-inner-column elementor-element elementor-element-7830722\" data-id=\"7830722\" data-element_type=\"column\" data-e-type=\"column\">\n\t\t\t<div class=\"elementor-widget-wrap elementor-element-populated\">\n\t\t\t\t\t\t<div class=\"elementor-element elementor-element-5991e3b elementor-widget elementor-widget-image\" data-id=\"5991e3b\" data-element_type=\"widget\" data-e-type=\"widget\" data-widget_type=\"image.default\">\n\t\t\t\t<div class=\"elementor-widget-container\">\n\t\t\t\t\t\t\t\t\t\t\t\t\t\t\t<img decoding=\"async\" width=\"300\" height=\"200\" src=\"https:\/\/www.nasenschutz.de\/wp-content\/uploads\/2021\/09\/Single-2021-300x200.jpg\" class=\"attachment-medium size-medium wp-image-8\" alt=\"\" srcset=\"https:\/\/www.nasenschutz.de\/wp-content\/uploads\/2021\/09\/Single-2021-300x200.jpg 300w, https:\/\/www.nasenschutz.de\/wp-content\/uploads\/2021\/09\/Single-2021-1024x684.jpg 1024w, https:\/\/www.nasenschutz.de\/wp-content\/uploads\/2021\/09\/Single-2021-768x513.jpg 768w, https:\/\/www.nasenschutz.de\/wp-content\/uploads\/2021\/09\/Single-2021-1536x1025.jpg 1536w, https:\/\/www.nasenschutz.de\/wp-content\/uploads\/2021\/09\/Single-2021-2048x1367.jpg 2048w\" sizes=\"(max-width: 300px) 100vw, 300px\" \/>\t\t\t\t\t\t\t\t\t\t\t\t\t\t\t<\/div>\n\t\t\t\t<\/div>\n\t\t\t\t<div class=\"elementor-element elementor-element-2ee91c7 elementor-widget elementor-widget-image\" data-id=\"2ee91c7\" data-element_type=\"widget\" data-e-type=\"widget\" data-widget_type=\"image.default\">\n\t\t\t\t<div class=\"elementor-widget-container\">\n\t\t\t\t\t\t\t\t\t\t\t\t\t\t\t<img loading=\"lazy\" decoding=\"async\" width=\"300\" height=\"200\" src=\"https:\/\/www.nasenschutz.de\/wp-content\/uploads\/2021\/09\/Single-Group-2021-300x200.jpg\" class=\"attachment-medium size-medium wp-image-9\" alt=\"\" srcset=\"https:\/\/www.nasenschutz.de\/wp-content\/uploads\/2021\/09\/Single-Group-2021-300x200.jpg 300w, https:\/\/www.nasenschutz.de\/wp-content\/uploads\/2021\/09\/Single-Group-2021-1024x684.jpg 1024w, https:\/\/www.nasenschutz.de\/wp-content\/uploads\/2021\/09\/Single-Group-2021-768x513.jpg 768w, https:\/\/www.nasenschutz.de\/wp-content\/uploads\/2021\/09\/Single-Group-2021-1536x1025.jpg 1536w, https:\/\/www.nasenschutz.de\/wp-content\/uploads\/2021\/09\/Single-Group-2021-2048x1367.jpg 2048w\" sizes=\"(max-width: 300px) 100vw, 300px\" \/>\t\t\t\t\t\t\t\t\t\t\t\t\t\t\t<\/div>\n\t\t\t\t<\/div>\n\t\t\t\t\t<\/div>\n\t\t<\/div>\n\t\t\t\t\t<\/div>\n\t\t<\/section>\n\t\t\t\t<section class=\"elementor-section elementor-inner-section elementor-element elementor-element-0cbd709 elementor-section-boxed elementor-section-height-default elementor-section-height-default\" data-id=\"0cbd709\" data-element_type=\"section\" data-e-type=\"section\">\n\t\t\t\t\t\t<div class=\"elementor-container elementor-column-gap-default\">\n\t\t\t\t\t<div class=\"elementor-column elementor-col-50 elementor-inner-column elementor-element elementor-element-c1cba52\" data-id=\"c1cba52\" data-element_type=\"column\" data-e-type=\"column\">\n\t\t\t<div class=\"elementor-widget-wrap elementor-element-populated\">\n\t\t\t\t\t\t<div class=\"elementor-element elementor-element-83e8467 elementor-widget elementor-widget-text-editor\" data-id=\"83e8467\" data-element_type=\"widget\" data-e-type=\"widget\" data-widget_type=\"text-editor.default\">\n\t\t\t\t<div class=\"elementor-widget-container\">\n\t\t\t\t\t\t\t\t\t<h4 style=\"text-align: center;\"><a href=\"https:\/\/www.amazon.de\/niavida-Nasenschutz-Sonnenschutz-Hergestellt-Deutschland\/dp\/B07VLBWWL5\/ref=sr_1_1?__mk_de_DE=%C3%85M%C3%85%C5%BD%C3%95%C3%91&amp;dchild=1&amp;keywords=nasun&amp;qid=1625491797&amp;sr=8-1\" target=\"_blank\" rel=\"noopener\">Hier direkt zu unserem Angebot auf<\/a><\/h4>\t\t\t\t\t\t\t\t<\/div>\n\t\t\t\t<\/div>\n\t\t\t\t<div class=\"elementor-element elementor-element-93ea1a6 elementor-widget elementor-widget-image\" data-id=\"93ea1a6\" data-element_type=\"widget\" data-e-type=\"widget\" data-widget_type=\"image.default\">\n\t\t\t\t<div class=\"elementor-widget-container\">\n\t\t\t\t\t\t\t\t\t\t\t\t\t\t\t\t<a href=\"https:\/\/www.amazon.de\/niavida-Nasenschutz-Sonnenschutz-Hergestellt-Deutschland\/dp\/B07VLBWWL5\/ref=sr_1_1?__mk_de_DE=%C3%85M%C3%85%C5%BD%C3%95%C3%91&#038;dchild=1&#038;keywords=nasun&#038;qid=1625491797&#038;sr=8-1\" target=\"_blank\">\n\t\t\t\t\t\t\t<img loading=\"lazy\" decoding=\"async\" width=\"300\" height=\"99\" src=\"https:\/\/www.nasenschutz.de\/wp-content\/uploads\/2021\/09\/Amazon_Logo_a.de_logo_RGB_online_weiss-300x99.jpg\" class=\"attachment-medium size-medium wp-image-3\" alt=\"\" srcset=\"https:\/\/www.nasenschutz.de\/wp-content\/uploads\/2021\/09\/Amazon_Logo_a.de_logo_RGB_online_weiss-300x99.jpg 300w, https:\/\/www.nasenschutz.de\/wp-content\/uploads\/2021\/09\/Amazon_Logo_a.de_logo_RGB_online_weiss.jpg 498w\" sizes=\"(max-width: 300px) 100vw, 300px\" \/>\t\t\t\t\t\t\t\t<\/a>\n\t\t\t\t\t\t\t\t\t\t\t\t\t\t\t<\/div>\n\t\t\t\t<\/div>\n\t\t\t\t\t<\/div>\n\t\t<\/div>\n\t\t\t\t<div class=\"elementor-column elementor-col-50 elementor-inner-column elementor-element elementor-element-e563fb9\" data-id=\"e563fb9\" data-element_type=\"column\" data-e-type=\"column\">\n\t\t\t<div class=\"elementor-widget-wrap elementor-element-populated\">\n\t\t\t\t\t\t<div class=\"elementor-element elementor-element-ffe4b9e elementor-widget elementor-widget-text-editor\" data-id=\"ffe4b9e\" data-element_type=\"widget\" data-e-type=\"widget\" data-widget_type=\"text-editor.default\">\n\t\t\t\t<div class=\"elementor-widget-container\">\n\t\t\t\t\t\t\t\t\t<p style=\"text-align: left;\">\u00a0<\/p><h3 style=\"text-align: center;\"><span style=\"font-size: 10.5pt; font-family: 'Arial', 'sans-serif'; color: #0f1111;\"><br \/>niavida GOstore \u2013 in ausgew\u00e4hlten Shops <br \/>in Ihrer Stadt und Urlaubsregion kaufen<\/span><\/h3>\t\t\t\t\t\t\t\t<\/div>\n\t\t\t\t<\/div>\n\t\t\t\t\t<\/div>\n\t\t<\/div>\n\t\t\t\t\t<\/div>\n\t\t<\/section>\n\t\t\t\t\t<\/div>\n\t\t<\/div>\n\t\t\t\t\t<\/div>\n\t\t<\/section>\n\t\t\t\t<section class=\"elementor-section elementor-top-section elementor-element elementor-element-c98efcb elementor-section-boxed elementor-section-height-default elementor-section-height-default\" data-id=\"c98efcb\" data-element_type=\"section\" data-e-type=\"section\">\n\t\t\t\t\t\t<div class=\"elementor-container elementor-column-gap-default\">\n\t\t\t\t\t<div class=\"elementor-column elementor-col-100 elementor-top-column elementor-element elementor-element-b08374c\" data-id=\"b08374c\" data-element_type=\"column\" data-e-type=\"column\">\n\t\t\t<div class=\"elementor-widget-wrap\">\n\t\t\t\t\t\t\t<\/div>\n\t\t<\/div>\n\t\t\t\t\t<\/div>\n\t\t<\/section>\n\t\t\t\t<\/div>\n\t\t","protected":false},"excerpt":{"rendered":"<p>Einfach. Flexibel. Verstellbar. Hautvertr\u00e4glich und angenehm zu tragen Sch\u00fctzt die Nase effektiv: vor UV-Strahlung, Sonne und Wind am Meer, auf dem Berg, im Schnee und in der Luft reduziert Windchill-Effekt auch bei akutem Sonnenbrand Soft-Touch + verstellbar hergestellt in Deutschland Einheitsgr\u00f6\u00dfe + individuell verstellbar f\u00fcr fast alle Steggr\u00f6\u00dfen + Kinderbrillen unempfindlich z.B. gegen Salzwasser und [&hellip;]<\/p>\n","protected":false},"author":1,"featured_media":0,"parent":0,"menu_order":0,"comment_status":"closed","ping_status":"closed","template":"","meta":{"ocean_post_layout":"full-screen","ocean_both_sidebars_style":"","ocean_both_sidebars_content_width":0,"ocean_both_sidebars_sidebars_width":0,"ocean_sidebar":"0","ocean_second_sidebar":"0","ocean_disable_margins":"enable","ocean_add_body_class":"","ocean_shortcode_before_top_bar":"","ocean_shortcode_after_top_bar":"","ocean_shortcode_before_header":"","ocean_shortcode_after_header":"","ocean_has_shortcode":"","ocean_shortcode_after_title":"","ocean_shortcode_before_footer_widgets":"","ocean_shortcode_after_footer_widgets":"","ocean_shortcode_before_footer_bottom":"","ocean_shortcode_after_footer_bottom":"","ocean_display_top_bar":"off","ocean_display_header":"off","ocean_header_style":"","ocean_center_header_left_menu":"0","ocean_custom_header_template":"0","ocean_custom_logo":0,"ocean_custom_retina_logo":0,"ocean_custom_logo_max_width":0,"ocean_custom_logo_tablet_max_width":0,"ocean_custom_logo_mobile_max_width":0,"ocean_custom_logo_max_height":0,"ocean_custom_logo_tablet_max_height":0,"ocean_custom_logo_mobile_max_height":0,"ocean_header_custom_menu":"0","ocean_menu_typo_font_family":"0","ocean_menu_typo_font_subset":"","ocean_menu_typo_font_size":0,"ocean_menu_typo_font_size_tablet":0,"ocean_menu_typo_font_size_mobile":0,"ocean_menu_typo_font_size_unit":"px","ocean_menu_typo_font_weight":"","ocean_menu_typo_font_weight_tablet":"","ocean_menu_typo_font_weight_mobile":"","ocean_menu_typo_transform":"","ocean_menu_typo_transform_tablet":"","ocean_menu_typo_transform_mobile":"","ocean_menu_typo_line_height":0,"ocean_menu_typo_line_height_tablet":0,"ocean_menu_typo_line_height_mobile":0,"ocean_menu_typo_line_height_unit":"","ocean_menu_typo_spacing":0,"ocean_menu_typo_spacing_tablet":0,"ocean_menu_typo_spacing_mobile":0,"ocean_menu_typo_spacing_unit":"","ocean_menu_link_color":"","ocean_menu_link_color_hover":"","ocean_menu_link_color_active":"","ocean_menu_link_background":"","ocean_menu_link_hover_background":"","ocean_menu_link_active_background":"","ocean_menu_social_links_bg":"","ocean_menu_social_hover_links_bg":"","ocean_menu_social_links_color":"","ocean_menu_social_hover_links_color":"","ocean_disable_title":"on","ocean_disable_heading":"default","ocean_post_title":"","ocean_post_subheading":"","ocean_post_title_style":"","ocean_post_title_background_color":"","ocean_post_title_background":0,"ocean_post_title_bg_image_position":"","ocean_post_title_bg_image_attachment":"","ocean_post_title_bg_image_repeat":"","ocean_post_title_bg_image_size":"","ocean_post_title_height":0,"ocean_post_title_bg_overlay":0.5,"ocean_post_title_bg_overlay_color":"","ocean_disable_breadcrumbs":"default","ocean_breadcrumbs_color":"","ocean_breadcrumbs_separator_color":"","ocean_breadcrumbs_links_color":"","ocean_breadcrumbs_links_hover_color":"","ocean_display_footer_widgets":"off","ocean_display_footer_bottom":"default","ocean_custom_footer_template":"0","footnotes":""},"class_list":["post-2","page","type-page","status-publish","hentry","entry"],"_links":{"self":[{"href":"https:\/\/www.nasenschutz.de\/index.php?rest_route=\/wp\/v2\/pages\/2","targetHints":{"allow":["GET"]}}],"collection":[{"href":"https:\/\/www.nasenschutz.de\/index.php?rest_route=\/wp\/v2\/pages"}],"about":[{"href":"https:\/\/www.nasenschutz.de\/index.php?rest_route=\/wp\/v2\/types\/page"}],"author":[{"embeddable":true,"href":"https:\/\/www.nasenschutz.de\/index.php?rest_route=\/wp\/v2\/users\/1"}],"replies":[{"embeddable":true,"href":"https:\/\/www.nasenschutz.de\/index.php?rest_route=%2Fwp%2Fv2%2Fcomments&post=2"}],"version-history":[{"count":43,"href":"https:\/\/www.nasenschutz.de\/index.php?rest_route=\/wp\/v2\/pages\/2\/revisions"}],"predecessor-version":[{"id":93,"href":"https:\/\/www.nasenschutz.de\/index.php?rest_route=\/wp\/v2\/pages\/2\/revisions\/93"}],"wp:attachment":[{"href":"https:\/\/www.nasenschutz.de\/index.php?rest_route=%2Fwp%2Fv2%2Fmedia&parent=2"}],"curies":[{"name":"wp","href":"https:\/\/api.w.org\/{rel}","templated":true}]}}